{"id":314,"date":"2024-01-22T19:01:44","date_gmt":"2024-01-22T18:01:44","guid":{"rendered":"https:\/\/clj-sete.fr\/?page_id=314"},"modified":"2026-01-21T23:05:18","modified_gmt":"2026-01-21T22:05:18","slug":"jai-besoin-daide","status":"publish","type":"page","link":"https:\/\/clj-sete.fr\/index.php\/jai-besoin-daide\/","title":{"rendered":"J&rsquo;ai besoin d&rsquo;aide"},"content":{"rendered":"\t\t<div data-elementor-type=\"wp-page\" data-elementor-id=\"314\" class=\"elementor elementor-314\" data-elementor-post-type=\"page\">\n\t\t\t\t<div class=\"elementor-element elementor-element-f8a28d3 e-flex e-con-boxed e-con e-parent\" data-id=\"f8a28d3\" data-element_type=\"container\" data-e-type=\"container\">\n\t\t\t\t\t<div class=\"e-con-inner\">\n\t\t\t\t<div class=\"elementor-element elementor-element-55b77df elementor-widget elementor-widget-heading\" data-id=\"55b77df\" data-element_type=\"widget\" data-e-type=\"widget\" data-widget_type=\"heading.default\">\n\t\t\t\t<div class=\"elementor-widget-container\">\n\t\t\t\t\t<h2 class=\"elementor-heading-title elementor-size-default\">Signaler une violence conjugale,\nsexuelle ou sexiste<\/h2>\t\t\t\t<\/div>\n\t\t\t\t<\/div>\n\t\t\t\t\t<\/div>\n\t\t\t\t<\/div>\n\t\t<div class=\"elementor-element elementor-element-2e82332 e-flex e-con-boxed e-con e-parent\" data-id=\"2e82332\" data-element_type=\"container\" data-e-type=\"container\">\n\t\t\t\t\t<div class=\"e-con-inner\">\n\t\t\t\t<div class=\"elementor-element elementor-element-e982f2b elementor-widget elementor-widget-text-editor\" data-id=\"e982f2b\" data-element_type=\"widget\" data-e-type=\"widget\" data-widget_type=\"text-editor.default\">\n\t\t\t\t<div class=\"elementor-widget-container\">\n\t\t\t\t\t\t\t\t\t<p>En cas d\u2019urgence, appeler le <strong>17<\/strong> ou <strong>112<\/strong>.<\/p><p>En cas de difficult\u00e9 \u00e0 parler ou entendre, envoyer un sms au <strong>114<\/strong>.<\/p><p>Num\u00e9ro d&rsquo;\u00e9coute, d&rsquo;information et d&rsquo;orientation pour les femmes : <strong>3919<\/strong> (appel gratuit)<\/p>\t\t\t\t\t\t\t\t<\/div>\n\t\t\t\t<\/div>\n\t\t\t\t\t<\/div>\n\t\t\t\t<\/div>\n\t\t<div class=\"elementor-element elementor-element-301d707 e-flex e-con-boxed e-con e-parent\" data-id=\"301d707\" data-element_type=\"container\" data-e-type=\"container\">\n\t\t\t\t\t<div class=\"e-con-inner\">\n\t\t\t\t<div class=\"elementor-element elementor-element-3d8e3bb elementor-widget elementor-widget-heading\" data-id=\"3d8e3bb\" data-element_type=\"widget\" data-e-type=\"widget\" data-widget_type=\"heading.default\">\n\t\t\t\t<div class=\"elementor-widget-container\">\n\t\t\t\t\t<h2 class=\"elementor-heading-title elementor-size-default\">Luttons contre le harc\u00e8lement \u00e0 l'\u00c9cole<\/h2>\t\t\t\t<\/div>\n\t\t\t\t<\/div>\n\t\t\t\t\t<\/div>\n\t\t\t\t<\/div>\n\t\t<div class=\"elementor-element elementor-element-288681e e-flex e-con-boxed e-con e-parent\" data-id=\"288681e\" data-element_type=\"container\" data-e-type=\"container\">\n\t\t\t\t\t<div class=\"e-con-inner\">\n\t\t\t\t<div class=\"elementor-element elementor-element-c741b78 elementor-widget elementor-widget-text-editor\" data-id=\"c741b78\" data-element_type=\"widget\" data-e-type=\"widget\" data-widget_type=\"text-editor.default\">\n\t\t\t\t<div class=\"elementor-widget-container\">\n\t\t\t\t\t\t\t\t\t<p>\u00c9l\u00e8ves, parents, professionnels, un num\u00e9ro vert et une application mobile pour tout<br \/>renseignement ou signalement : <strong>3018<\/strong><\/p><p>Num\u00e9ro gratuit, anonyme et confidentiel disponible 7j\/7, de 9h00 \u00e0 23h00.<\/p>\t\t\t\t\t\t\t\t<\/div>\n\t\t\t\t<\/div>\n\t\t\t\t\t<\/div>\n\t\t\t\t<\/div>\n\t\t<div class=\"elementor-element elementor-element-56eeaf9 e-flex e-con-boxed e-con e-parent\" data-id=\"56eeaf9\" data-element_type=\"container\" data-e-type=\"container\">\n\t\t\t\t\t<div class=\"e-con-inner\">\n\t\t\t\t<div class=\"elementor-element elementor-element-724dde4 elementor-widget elementor-widget-heading\" data-id=\"724dde4\" data-element_type=\"widget\" data-e-type=\"widget\" data-widget_type=\"heading.default\">\n\t\t\t\t<div class=\"elementor-widget-container\">\n\t\t\t\t\t<h2 class=\"elementor-heading-title elementor-size-default\">Pr\u00e9vention et contre le suicide<\/h2>\t\t\t\t<\/div>\n\t\t\t\t<\/div>\n\t\t\t\t\t<\/div>\n\t\t\t\t<\/div>\n\t\t<div class=\"elementor-element elementor-element-f7cdb2b e-flex e-con-boxed e-con e-parent\" data-id=\"f7cdb2b\" data-element_type=\"container\" data-e-type=\"container\">\n\t\t\t\t\t<div class=\"e-con-inner\">\n\t\t\t\t<div class=\"elementor-element elementor-element-2f53d33 elementor-widget elementor-widget-text-editor\" data-id=\"2f53d33\" data-element_type=\"widget\" data-e-type=\"widget\" data-widget_type=\"text-editor.default\">\n\t\t\t\t<div class=\"elementor-widget-container\">\n\t\t\t\t\t\t\t\t\t<p>SOS Amiti\u00e9<br \/>Horaires : Disponible 24h\/24 7Jours\/7.<br \/><strong>09 72 39 40 50<\/strong><\/p><p>Le <strong>3114<\/strong>, num\u00e9ro national de pr\u00e9vention du suicide<\/p>\t\t\t\t\t\t\t\t<\/div>\n\t\t\t\t<\/div>\n\t\t\t\t\t<\/div>\n\t\t\t\t<\/div>\n\t\t<div class=\"elementor-element elementor-element-8938555 e-flex e-con-boxed e-con e-parent\" data-id=\"8938555\" data-element_type=\"container\" data-e-type=\"container\">\n\t\t\t\t\t<div class=\"e-con-inner\">\n\t\t\t\t<div class=\"elementor-element elementor-element-cee7c9b elementor-widget elementor-widget-heading\" data-id=\"cee7c9b\" data-element_type=\"widget\" data-e-type=\"widget\" data-widget_type=\"heading.default\">\n\t\t\t\t<div class=\"elementor-widget-container\">\n\t\t\t\t\t<h2 class=\"elementor-heading-title elementor-size-default\">Les num\u00e9ros d'information et\nd'urgence<\/h2>\t\t\t\t<\/div>\n\t\t\t\t<\/div>\n\t\t\t\t\t<\/div>\n\t\t\t\t<\/div>\n\t\t<div class=\"elementor-element elementor-element-eada857 e-flex e-con-boxed e-con e-parent\" data-id=\"eada857\" data-element_type=\"container\" data-e-type=\"container\">\n\t\t\t\t\t<div class=\"e-con-inner\">\n\t\t\t\t<div class=\"elementor-element elementor-element-6f25756 elementor-widget elementor-widget-text-editor\" data-id=\"6f25756\" data-element_type=\"widget\" data-e-type=\"widget\" data-widget_type=\"text-editor.default\">\n\t\t\t\t<div class=\"elementor-widget-container\">\n\t\t\t\t\t\t\t\t\t<p><strong>3977<\/strong> : Num\u00e9ro national d\u00e9di\u00e9 \u00e0 lutter contre les maltraitances envers les personnes \u00e2g\u00e9es et les adultes en situation de handicap. Accessible du lundi au vendredi de 9h \u00e0 19h et le samedi et dimanche de 9h \u00e0 13h et de 14h \u00e0 19h.<\/p><p><strong>114<\/strong> : le num\u00e9ro d&rsquo;urgence des personnes sourdes et malentendantes.<br \/>Num\u00e9ro unique national gratuit, le 114 est accessible en visiophonie, tchat, SMS ou fax, 24H\/24, 7J\/7. Des agents de<br \/>r\u00e9gulation r\u00e9pondent en ligne et contactent le service d\u2019urgence le\u00a0 plus proche : <strong>SAMU (15)<\/strong>, <strong>Police-Gendarmerie (17), Sapeurs-<\/strong><br \/><strong>Pompiers (18)<\/strong>.<\/p><p><strong>0 800 360 360<\/strong> : un num\u00e9ro national pour des r\u00e9ponses de proximit\u00e9. Mis en place dans le contexte de la crise sanitaire, ce num\u00e9ro permet de r\u00e9pondre aux questions des personnes handicap\u00e9es et de leurs aidants.<\/p>\t\t\t\t\t\t\t\t<\/div>\n\t\t\t\t<\/div>\n\t\t\t\t\t<\/div>\n\t\t\t\t<\/div>\n\t\t\t\t<\/div>\n\t\t","protected":false},"excerpt":{"rendered":"<p>Signaler une violence conjugale, sexuelle ou sexiste En cas d\u2019urgence, appeler le 17 ou 112. En cas de difficult\u00e9 \u00e0 parler ou entendre, envoyer un sms au 114. Num\u00e9ro d&rsquo;\u00e9coute, d&rsquo;information et d&rsquo;orientation pour les femmes : 3919 (appel gratuit) Luttons contre le harc\u00e8lement \u00e0 l&rsquo;\u00c9cole \u00c9l\u00e8ves, parents, professionnels, un num\u00e9ro vert et une application &hellip; <\/p>\n<p class=\"link-more\"><a href=\"https:\/\/clj-sete.fr\/index.php\/jai-besoin-daide\/\" class=\"more-link\">Lire la suite de<span class=\"screen-reader-text\">\u00ab\u00a0J&rsquo;ai besoin d&rsquo;aide\u00a0\u00bb<\/span><\/a><\/p>\n","protected":false},"author":2,"featured_media":0,"parent":0,"menu_order":0,"comment_status":"closed","ping_status":"closed","template":"","meta":{"_inspiro_hide_title":false,"footnotes":""},"class_list":["post-314","page","type-page","status-publish","hentry"],"yoast_head":"<!-- This site is optimized with the Yoast SEO plugin v27.4 - https:\/\/yoast.com\/product\/yoast-seo-wordpress\/ -->\n<title>J&#039;ai besoin d&#039;aide - Bienvenue au CLJ de S\u00e8te<\/title>\n<meta name=\"robots\" content=\"index, follow, max-snippet:-1, max-image-preview:large, max-video-preview:-1\" \/>\n<link rel=\"canonical\" href=\"https:\/\/clj-sete.fr\/index.php\/jai-besoin-daide\/\" \/>\n<meta property=\"og:locale\" content=\"fr_FR\" \/>\n<meta property=\"og:type\" content=\"article\" \/>\n<meta property=\"og:title\" content=\"J&#039;ai besoin d&#039;aide - Bienvenue au CLJ de S\u00e8te\" \/>\n<meta property=\"og:description\" content=\"Signaler une violence conjugale, sexuelle ou sexiste En cas d\u2019urgence, appeler le 17 ou 112. En cas de difficult\u00e9 \u00e0 parler ou entendre, envoyer un sms au 114. Num\u00e9ro d&rsquo;\u00e9coute, d&rsquo;information et d&rsquo;orientation pour les femmes : 3919 (appel gratuit) Luttons contre le harc\u00e8lement \u00e0 l&rsquo;\u00c9cole \u00c9l\u00e8ves, parents, professionnels, un num\u00e9ro vert et une application &hellip; Lire la suite de\u00ab\u00a0J&rsquo;ai besoin d&rsquo;aide\u00a0\u00bb\" \/>\n<meta property=\"og:url\" content=\"https:\/\/clj-sete.fr\/index.php\/jai-besoin-daide\/\" \/>\n<meta property=\"og:site_name\" content=\"Bienvenue au CLJ de S\u00e8te\" \/>\n<meta property=\"article:modified_time\" content=\"2026-01-21T22:05:18+00:00\" \/>\n<meta name=\"twitter:card\" content=\"summary_large_image\" \/>\n<meta name=\"twitter:label1\" content=\"Dur\u00e9e de lecture estim\u00e9e\" \/>\n\t<meta name=\"twitter:data1\" content=\"2 minutes\" \/>\n<script type=\"application\/ld+json\" class=\"yoast-schema-graph\">{\"@context\":\"https:\\\/\\\/schema.org\",\"@graph\":[{\"@type\":\"WebPage\",\"@id\":\"https:\\\/\\\/clj-sete.fr\\\/index.php\\\/jai-besoin-daide\\\/\",\"url\":\"https:\\\/\\\/clj-sete.fr\\\/index.php\\\/jai-besoin-daide\\\/\",\"name\":\"J'ai besoin d'aide - Bienvenue au CLJ de S\u00e8te\",\"isPartOf\":{\"@id\":\"https:\\\/\\\/clj-sete.fr\\\/#website\"},\"datePublished\":\"2024-01-22T18:01:44+00:00\",\"dateModified\":\"2026-01-21T22:05:18+00:00\",\"breadcrumb\":{\"@id\":\"https:\\\/\\\/clj-sete.fr\\\/index.php\\\/jai-besoin-daide\\\/#breadcrumb\"},\"inLanguage\":\"fr-FR\",\"potentialAction\":[{\"@type\":\"ReadAction\",\"target\":[\"https:\\\/\\\/clj-sete.fr\\\/index.php\\\/jai-besoin-daide\\\/\"]}]},{\"@type\":\"BreadcrumbList\",\"@id\":\"https:\\\/\\\/clj-sete.fr\\\/index.php\\\/jai-besoin-daide\\\/#breadcrumb\",\"itemListElement\":[{\"@type\":\"ListItem\",\"position\":1,\"name\":\"Accueil\",\"item\":\"https:\\\/\\\/clj-sete.fr\\\/\"},{\"@type\":\"ListItem\",\"position\":2,\"name\":\"J&rsquo;ai besoin d&rsquo;aide\"}]},{\"@type\":\"WebSite\",\"@id\":\"https:\\\/\\\/clj-sete.fr\\\/#website\",\"url\":\"https:\\\/\\\/clj-sete.fr\\\/\",\"name\":\"Bienvenue au CLJ de S\u00e8te\",\"description\":\"Le Centre de Loisirs des Jeunes de la Police Nationale\",\"publisher\":{\"@id\":\"https:\\\/\\\/clj-sete.fr\\\/#organization\"},\"potentialAction\":[{\"@type\":\"SearchAction\",\"target\":{\"@type\":\"EntryPoint\",\"urlTemplate\":\"https:\\\/\\\/clj-sete.fr\\\/?s={search_term_string}\"},\"query-input\":{\"@type\":\"PropertyValueSpecification\",\"valueRequired\":true,\"valueName\":\"search_term_string\"}}],\"inLanguage\":\"fr-FR\"},{\"@type\":\"Organization\",\"@id\":\"https:\\\/\\\/clj-sete.fr\\\/#organization\",\"name\":\"Bienvenue au CLJ de S\u00e8te\",\"url\":\"https:\\\/\\\/clj-sete.fr\\\/\",\"logo\":{\"@type\":\"ImageObject\",\"inLanguage\":\"fr-FR\",\"@id\":\"https:\\\/\\\/clj-sete.fr\\\/#\\\/schema\\\/logo\\\/image\\\/\",\"url\":\"https:\\\/\\\/clj-sete.fr\\\/wp-content\\\/uploads\\\/2025\\\/10\\\/9AF505D4-D6F4-4FA9-8705-15D8674A9F61-31.png\",\"contentUrl\":\"https:\\\/\\\/clj-sete.fr\\\/wp-content\\\/uploads\\\/2025\\\/10\\\/9AF505D4-D6F4-4FA9-8705-15D8674A9F61-31.png\",\"width\":1252,\"height\":1251,\"caption\":\"Bienvenue au CLJ de S\u00e8te\"},\"image\":{\"@id\":\"https:\\\/\\\/clj-sete.fr\\\/#\\\/schema\\\/logo\\\/image\\\/\"}}]}<\/script>\n<!-- \/ Yoast SEO plugin. -->","yoast_head_json":{"title":"J'ai besoin d'aide - Bienvenue au CLJ de S\u00e8te","robots":{"index":"index","follow":"follow","max-snippet":"max-snippet:-1","max-image-preview":"max-image-preview:large","max-video-preview":"max-video-preview:-1"},"canonical":"https:\/\/clj-sete.fr\/index.php\/jai-besoin-daide\/","og_locale":"fr_FR","og_type":"article","og_title":"J'ai besoin d'aide - Bienvenue au CLJ de S\u00e8te","og_description":"Signaler une violence conjugale, sexuelle ou sexiste En cas d\u2019urgence, appeler le 17 ou 112. En cas de difficult\u00e9 \u00e0 parler ou entendre, envoyer un sms au 114. Num\u00e9ro d&rsquo;\u00e9coute, d&rsquo;information et d&rsquo;orientation pour les femmes : 3919 (appel gratuit) Luttons contre le harc\u00e8lement \u00e0 l&rsquo;\u00c9cole \u00c9l\u00e8ves, parents, professionnels, un num\u00e9ro vert et une application &hellip; Lire la suite de\u00ab\u00a0J&rsquo;ai besoin d&rsquo;aide\u00a0\u00bb","og_url":"https:\/\/clj-sete.fr\/index.php\/jai-besoin-daide\/","og_site_name":"Bienvenue au CLJ de S\u00e8te","article_modified_time":"2026-01-21T22:05:18+00:00","twitter_card":"summary_large_image","twitter_misc":{"Dur\u00e9e de lecture estim\u00e9e":"2 minutes"},"schema":{"@context":"https:\/\/schema.org","@graph":[{"@type":"WebPage","@id":"https:\/\/clj-sete.fr\/index.php\/jai-besoin-daide\/","url":"https:\/\/clj-sete.fr\/index.php\/jai-besoin-daide\/","name":"J'ai besoin d'aide - Bienvenue au CLJ de S\u00e8te","isPartOf":{"@id":"https:\/\/clj-sete.fr\/#website"},"datePublished":"2024-01-22T18:01:44+00:00","dateModified":"2026-01-21T22:05:18+00:00","breadcrumb":{"@id":"https:\/\/clj-sete.fr\/index.php\/jai-besoin-daide\/#breadcrumb"},"inLanguage":"fr-FR","potentialAction":[{"@type":"ReadAction","target":["https:\/\/clj-sete.fr\/index.php\/jai-besoin-daide\/"]}]},{"@type":"BreadcrumbList","@id":"https:\/\/clj-sete.fr\/index.php\/jai-besoin-daide\/#breadcrumb","itemListElement":[{"@type":"ListItem","position":1,"name":"Accueil","item":"https:\/\/clj-sete.fr\/"},{"@type":"ListItem","position":2,"name":"J&rsquo;ai besoin d&rsquo;aide"}]},{"@type":"WebSite","@id":"https:\/\/clj-sete.fr\/#website","url":"https:\/\/clj-sete.fr\/","name":"Bienvenue au CLJ de S\u00e8te","description":"Le Centre de Loisirs des Jeunes de la Police Nationale","publisher":{"@id":"https:\/\/clj-sete.fr\/#organization"},"potentialAction":[{"@type":"SearchAction","target":{"@type":"EntryPoint","urlTemplate":"https:\/\/clj-sete.fr\/?s={search_term_string}"},"query-input":{"@type":"PropertyValueSpecification","valueRequired":true,"valueName":"search_term_string"}}],"inLanguage":"fr-FR"},{"@type":"Organization","@id":"https:\/\/clj-sete.fr\/#organization","name":"Bienvenue au CLJ de S\u00e8te","url":"https:\/\/clj-sete.fr\/","logo":{"@type":"ImageObject","inLanguage":"fr-FR","@id":"https:\/\/clj-sete.fr\/#\/schema\/logo\/image\/","url":"https:\/\/clj-sete.fr\/wp-content\/uploads\/2025\/10\/9AF505D4-D6F4-4FA9-8705-15D8674A9F61-31.png","contentUrl":"https:\/\/clj-sete.fr\/wp-content\/uploads\/2025\/10\/9AF505D4-D6F4-4FA9-8705-15D8674A9F61-31.png","width":1252,"height":1251,"caption":"Bienvenue au CLJ de S\u00e8te"},"image":{"@id":"https:\/\/clj-sete.fr\/#\/schema\/logo\/image\/"}}]}},"_links":{"self":[{"href":"https:\/\/clj-sete.fr\/index.php\/wp-json\/wp\/v2\/pages\/314","targetHints":{"allow":["GET"]}}],"collection":[{"href":"https:\/\/clj-sete.fr\/index.php\/wp-json\/wp\/v2\/pages"}],"about":[{"href":"https:\/\/clj-sete.fr\/index.php\/wp-json\/wp\/v2\/types\/page"}],"author":[{"embeddable":true,"href":"https:\/\/clj-sete.fr\/index.php\/wp-json\/wp\/v2\/users\/2"}],"replies":[{"embeddable":true,"href":"https:\/\/clj-sete.fr\/index.php\/wp-json\/wp\/v2\/comments?post=314"}],"version-history":[{"count":4,"href":"https:\/\/clj-sete.fr\/index.php\/wp-json\/wp\/v2\/pages\/314\/revisions"}],"predecessor-version":[{"id":318,"href":"https:\/\/clj-sete.fr\/index.php\/wp-json\/wp\/v2\/pages\/314\/revisions\/318"}],"wp:attachment":[{"href":"https:\/\/clj-sete.fr\/index.php\/wp-json\/wp\/v2\/media?parent=314"}],"curies":[{"name":"wp","href":"https:\/\/api.w.org\/{rel}","templated":true}]}}