{"id":1349,"date":"2026-01-21T22:48:20","date_gmt":"2026-01-21T21:48:20","guid":{"rendered":"https:\/\/clj-sete.fr\/?page_id=1349"},"modified":"2026-04-22T12:07:12","modified_gmt":"2026-04-22T10:07:12","slug":"connexion","status":"publish","type":"page","link":"https:\/\/clj-sete.fr\/index.php\/connexion\/","title":{"rendered":"EVENTHAU"},"content":{"rendered":"\t\t<div data-elementor-type=\"wp-page\" data-elementor-id=\"1349\" class=\"elementor elementor-1349\" data-elementor-post-type=\"page\">\n\t\t\t\t<div class=\"elementor-element elementor-element-feac49e e-flex e-con-boxed e-con e-parent\" data-id=\"feac49e\" data-element_type=\"container\" data-e-type=\"container\">\n\t\t\t\t\t<div class=\"e-con-inner\">\n\t\t\t\t<div class=\"elementor-element elementor-element-f3a4041 elementor-widget elementor-widget-heading\" data-id=\"f3a4041\" data-element_type=\"widget\" data-e-type=\"widget\" data-widget_type=\"heading.default\">\n\t\t\t\t<div class=\"elementor-widget-container\">\n\t\t\t\t\t<h2 class=\"elementor-heading-title elementor-size-default\">CH\u00c8RES ASSOCIATIONS ET PARTENAIRES<\/h2>\t\t\t\t<\/div>\n\t\t\t\t<\/div>\n\t\t\t\t<div class=\"elementor-element elementor-element-32b2b30 elementor-widget elementor-widget-text-editor\" data-id=\"32b2b30\" data-element_type=\"widget\" data-e-type=\"widget\" data-widget_type=\"text-editor.default\">\n\t\t\t\t<div class=\"elementor-widget-container\">\n\t\t\t\t\t\t\t\t\t<p data-start=\"0\" data-end=\"74\">Merci pour votre participation \u00e0 notre \u00e9v\u00e9nement du 4 juin 2026, EVENTHAU.<\/p><p data-start=\"76\" data-end=\"166\" data-is-last-node=\"\" data-is-only-node=\"\">Vous pouvez d\u00e9sormais soumettre votre demande concernant les besoins de votre association.<\/p>\t\t\t\t\t\t\t\t<\/div>\n\t\t\t\t<\/div>\n\t\t\t\t<div class=\"elementor-element elementor-element-89ac996 elementor-button-align-stretch elementor-widget elementor-widget-form\" data-id=\"89ac996\" data-element_type=\"widget\" data-e-type=\"widget\" data-settings=\"{&quot;step_next_label&quot;:&quot;Suivant&quot;,&quot;step_previous_label&quot;:&quot;Pr\\u00e9c\\u00e9dent&quot;,&quot;button_width&quot;:&quot;100&quot;,&quot;step_type&quot;:&quot;number_text&quot;,&quot;step_icon_shape&quot;:&quot;circle&quot;}\" data-widget_type=\"form.default\">\n\t\t\t\t<div class=\"elementor-widget-container\">\n\t\t\t\t\t\t\t<form class=\"elementor-form\" method=\"post\" name=\"Nouveau formulaire\" aria-label=\"Nouveau formulaire\">\n\t\t\t<input type=\"hidden\" name=\"post_id\" value=\"1349\"\/>\n\t\t\t<input type=\"hidden\" name=\"form_id\" value=\"89ac996\"\/>\n\t\t\t<input type=\"hidden\" name=\"referer_title\" value=\"EVENTHAU - Bienvenue au CLJ de S\u00e8te\" \/>\n\n\t\t\t\t\t\t\t<input type=\"hidden\" name=\"queried_id\" value=\"1349\"\/>\n\t\t\t\n\t\t\t<div class=\"elementor-form-fields-wrapper elementor-labels-above\">\n\t\t\t\t\t\t\t\t<div class=\"elementor-field-type-text elementor-field-group elementor-column elementor-field-group-name elementor-col-100 elementor-field-required\">\n\t\t\t\t\t\t\t\t\t\t\t\t<label for=\"form-field-name\" class=\"elementor-field-label\">\n\t\t\t\t\t\t\t\tNom de l'association :\t\t\t\t\t\t\t<\/label>\n\t\t\t\t\t\t\t\t\t\t\t\t\t\t<input size=\"1\" type=\"text\" name=\"form_fields[name]\" id=\"form-field-name\" class=\"elementor-field elementor-size-sm  elementor-field-textual\" placeholder=\"Nom de l&#039;association...\" required=\"required\">\n\t\t\t\t\t\t\t\t\t\t\t<\/div>\n\t\t\t\t\t\t\t\t<div class=\"elementor-field-type-text elementor-field-group elementor-column elementor-field-group-field_a8ad8b0 elementor-col-100 elementor-field-required\">\n\t\t\t\t\t\t\t\t\t\t\t\t<label for=\"form-field-field_a8ad8b0\" class=\"elementor-field-label\">\n\t\t\t\t\t\t\t\tNom et pr\u00e9nom du responsable de l'association :\t\t\t\t\t\t\t<\/label>\n\t\t\t\t\t\t\t\t\t\t\t\t\t\t<input size=\"1\" type=\"text\" name=\"form_fields[field_a8ad8b0]\" id=\"form-field-field_a8ad8b0\" class=\"elementor-field elementor-size-sm  elementor-field-textual\" placeholder=\"Nom et pr\u00e9nom du responsable de l&#039;association...\" required=\"required\">\n\t\t\t\t\t\t\t\t\t\t\t<\/div>\n\t\t\t\t\t\t\t\t<div class=\"elementor-field-type-tel elementor-field-group elementor-column elementor-field-group-email elementor-col-100\">\n\t\t\t\t\t\t\t\t\t\t\t\t<label for=\"form-field-email\" class=\"elementor-field-label\">\n\t\t\t\t\t\t\t\tNum\u00e9ro de t\u00e9l\u00e9phone du responsable de l'association : \t\t\t\t\t\t\t<\/label>\n\t\t\t\t\t\t\t\t<input size=\"1\" type=\"tel\" name=\"form_fields[email]\" id=\"form-field-email\" class=\"elementor-field elementor-size-sm  elementor-field-textual\" placeholder=\"Num\u00e9ro de t\u00e9l\u00e9phone du responsable de l&#039;association...\" pattern=\"[0-9()#&amp;+*-=.]+\" title=\"Seuls les caract\u00e8res de num\u00e9ros de t\u00e9l\u00e9phone (#, -, *, etc.) sont accept\u00e9s.\">\n\n\t\t\t\t\t\t<\/div>\n\t\t\t\t\t\t\t\t<div class=\"elementor-field-type-select elementor-field-group elementor-column elementor-field-group-field_78503cd elementor-col-100 elementor-field-required\">\n\t\t\t\t\t\t\t\t\t\t\t\t<label for=\"form-field-field_78503cd\" class=\"elementor-field-label\">\n\t\t\t\t\t\t\t\tS\u00e9lectionner mon activit\u00e9 : (une activit\u00e9 pour chaque besoin demand\u00e9)\t\t\t\t\t\t\t<\/label>\n\t\t\t\t\t\t\t\t<div class=\"elementor-field elementor-select-wrapper remove-before \">\n\t\t\t<div class=\"select-caret-down-wrapper\">\n\t\t\t\t<svg aria-hidden=\"true\" class=\"e-font-icon-svg e-eicon-caret-down\" viewBox=\"0 0 571.4 571.4\" xmlns=\"http:\/\/www.w3.org\/2000\/svg\"><path d=\"M571 393Q571 407 561 418L311 668Q300 679 286 679T261 668L11 418Q0 407 0 393T11 368 36 357H536Q550 357 561 368T571 393Z\"><\/path><\/svg>\t\t\t<\/div>\n\t\t\t<select name=\"form_fields[field_78503cd]\" id=\"form-field-field_78503cd\" class=\"elementor-field-textual elementor-size-sm\" required=\"required\">\n\t\t\t\t\t\t\t\t\t<option value=\"S\u00c9LECTIONNEZ...\">S\u00c9LECTIONNEZ...<\/option>\n\t\t\t\t\t\t\t\t\t<option value=\"1.FOOTBALL\">1.FOOTBALL<\/option>\n\t\t\t\t\t\t\t\t\t<option value=\"2.RUGBY\">2.RUGBY<\/option>\n\t\t\t\t\t\t\t\t\t<option value=\"3.BASKET\">3.BASKET<\/option>\n\t\t\t\t\t\t\t\t\t<option value=\"4.COURSE DE NATATION\">4.COURSE DE NATATION<\/option>\n\t\t\t\t\t\t\t\t\t<option value=\"5.WATER POLO\">5.WATER POLO<\/option>\n\t\t\t\t\t\t\t\t\t<option value=\"6.PETANQUE\">6.PETANQUE<\/option>\n\t\t\t\t\t\t\t\t\t<option value=\"7. AVIRON (RAMEUR)\">7. AVIRON (RAMEUR)<\/option>\n\t\t\t\t\t\t\t\t\t<option value=\"8.COURSE DE RELAIS\">8.COURSE DE RELAIS<\/option>\n\t\t\t\t\t\t\t\t\t<option value=\"9.VOLLEY-BALL \">9.VOLLEY-BALL <\/option>\n\t\t\t\t\t\t\t\t\t<option value=\"10.SKIERG\">10.SKIERG<\/option>\n\t\t\t\t\t\t\t\t\t<option value=\"11.LAZER GAME\">11.LAZER GAME<\/option>\n\t\t\t\t\t\t\t\t\t<option value=\"12. JOUTES SUR ROULETTES \">12. JOUTES SUR ROULETTES <\/option>\n\t\t\t\t\t\t\t\t\t<option value=\"13.MARIO KART (SWITCH)\">13.MARIO KART (SWITCH)<\/option>\n\t\t\t\t\t\t\t\t\t<option value=\"14.ATHL\u00c9TISME (SAUTS ET LACERS)\">14.ATHL\u00c9TISME (SAUTS ET LACERS)<\/option>\n\t\t\t\t\t\t\t\t\t<option value=\"15.TENNIS DE TABLE\">15.TENNIS DE TABLE<\/option>\n\t\t\t\t\t\t\t\t\t<option value=\"16.ESCRIME\">16.ESCRIME<\/option>\n\t\t\t\t\t\t\t\t\t<option value=\"17.V\u00c9LO ELLIPTIQUE\">17.V\u00c9LO ELLIPTIQUE<\/option>\n\t\t\t\t\t\t\t\t\t<option value=\"18.BADMINTON\">18.BADMINTON<\/option>\n\t\t\t\t\t\t\t\t\t<option value=\"19.TIR \u00c0 L&#039;ARC\">19.TIR \u00c0 L&#039;ARC<\/option>\n\t\t\t\t\t\t\t\t\t<option value=\"20.PADDLE G\u00c9ANT\">20.PADDLE G\u00c9ANT<\/option>\n\t\t\t\t\t\t\t\t\t<option value=\"21.DRAPEAU ANGLAIS\">21.DRAPEAU ANGLAIS<\/option>\n\t\t\t\t\t\t\t\t\t<option value=\"22.KART \u00c0 P\u00c9DALE\">22.KART \u00c0 P\u00c9DALE<\/option>\n\t\t\t\t\t\t\t<\/select>\n\t\t<\/div>\n\t\t\t\t\t\t<\/div>\n\t\t\t\t\t\t\t\t<div class=\"elementor-field-type-textarea elementor-field-group elementor-column elementor-field-group-message elementor-col-100\">\n\t\t\t\t\t\t\t\t\t\t\t\t<label for=\"form-field-message\" class=\"elementor-field-label\">\n\t\t\t\t\t\t\t\tVos besoins :\t\t\t\t\t\t\t<\/label>\n\t\t\t\t\t\t<textarea class=\"elementor-field-textual elementor-field  elementor-size-sm\" name=\"form_fields[message]\" id=\"form-field-message\" rows=\"11\" placeholder=\"Ex: 1 table, 2 chaises, 3 bancs, une rallonge \u00e9lectrique 20 m\u00e8tres, amp\u00e9rage electricite... \"><\/textarea>\t\t\t\t<\/div>\n\t\t\t\t\t\t\t\t<div class=\"elementor-field-group elementor-column elementor-field-type-submit elementor-col-100 e-form__buttons\">\n\t\t\t\t\t<button class=\"elementor-button elementor-size-xl\" type=\"submit\">\n\t\t\t\t\t\t<span class=\"elementor-button-content-wrapper\">\n\t\t\t\t\t\t\t\t\t\t\t\t\t\t\t\t\t\t\t\t\t\t<span class=\"elementor-button-text\">je confirme mes besoins<\/span>\n\t\t\t\t\t\t\t\t\t\t\t\t\t<\/span>\n\t\t\t\t\t<\/button>\n\t\t\t\t<\/div>\n\t\t\t<\/div>\n\t\t<\/form>\n\t\t\t\t\t\t<\/div>\n\t\t\t\t<\/div>\n\t\t\t\t\t<\/div>\n\t\t\t\t<\/div>\n\t\t\t\t<\/div>\n\t\t","protected":false},"excerpt":{"rendered":"<p>CH\u00c8RES ASSOCIATIONS ET PARTENAIRES Merci pour votre participation \u00e0 notre \u00e9v\u00e9nement du 4 juin 2026, EVENTHAU. Vous pouvez d\u00e9sormais soumettre votre demande concernant les besoins de votre association.<\/p>\n","protected":false},"author":1,"featured_media":1696,"parent":0,"menu_order":0,"comment_status":"closed","ping_status":"closed","template":"","meta":{"_inspiro_hide_title":false,"footnotes":""},"class_list":["post-1349","page","type-page","status-publish","has-post-thumbnail","hentry"],"yoast_head":"<!-- This site is optimized with the Yoast SEO plugin v27.4 - https:\/\/yoast.com\/product\/yoast-seo-wordpress\/ -->\n<title>EVENTHAU - Bienvenue au CLJ de S\u00e8te<\/title>\n<meta name=\"robots\" content=\"index, follow, max-snippet:-1, max-image-preview:large, max-video-preview:-1\" \/>\n<link rel=\"canonical\" href=\"https:\/\/clj-sete.fr\/index.php\/connexion\/\" \/>\n<meta property=\"og:locale\" content=\"fr_FR\" \/>\n<meta property=\"og:type\" content=\"article\" \/>\n<meta property=\"og:title\" content=\"EVENTHAU - Bienvenue au CLJ de S\u00e8te\" \/>\n<meta property=\"og:description\" content=\"CH\u00c8RES ASSOCIATIONS ET PARTENAIRES Merci pour votre participation \u00e0 notre \u00e9v\u00e9nement du 4 juin 2026, EVENTHAU. Vous pouvez d\u00e9sormais soumettre votre demande concernant les besoins de votre association.\" \/>\n<meta property=\"og:url\" content=\"https:\/\/clj-sete.fr\/index.php\/connexion\/\" \/>\n<meta property=\"og:site_name\" content=\"Bienvenue au CLJ de S\u00e8te\" \/>\n<meta property=\"article:modified_time\" content=\"2026-04-22T10:07:12+00:00\" \/>\n<meta property=\"og:image\" content=\"http:\/\/clj-sete.fr\/wp-content\/uploads\/2026\/04\/WORKOUT.png\" \/>\n\t<meta property=\"og:image:width\" content=\"1235\" \/>\n\t<meta property=\"og:image:height\" content=\"338\" \/>\n\t<meta property=\"og:image:type\" content=\"image\/png\" \/>\n<meta name=\"twitter:card\" content=\"summary_large_image\" \/>\n<meta name=\"twitter:label1\" content=\"Dur\u00e9e de lecture estim\u00e9e\" \/>\n\t<meta name=\"twitter:data1\" content=\"1 minute\" \/>\n<script type=\"application\/ld+json\" class=\"yoast-schema-graph\">{\"@context\":\"https:\\\/\\\/schema.org\",\"@graph\":[{\"@type\":\"WebPage\",\"@id\":\"https:\\\/\\\/clj-sete.fr\\\/index.php\\\/connexion\\\/\",\"url\":\"https:\\\/\\\/clj-sete.fr\\\/index.php\\\/connexion\\\/\",\"name\":\"EVENTHAU - Bienvenue au CLJ de S\u00e8te\",\"isPartOf\":{\"@id\":\"https:\\\/\\\/clj-sete.fr\\\/#website\"},\"primaryImageOfPage\":{\"@id\":\"https:\\\/\\\/clj-sete.fr\\\/index.php\\\/connexion\\\/#primaryimage\"},\"image\":{\"@id\":\"https:\\\/\\\/clj-sete.fr\\\/index.php\\\/connexion\\\/#primaryimage\"},\"thumbnailUrl\":\"https:\\\/\\\/clj-sete.fr\\\/wp-content\\\/uploads\\\/2026\\\/04\\\/WORKOUT.png\",\"datePublished\":\"2026-01-21T21:48:20+00:00\",\"dateModified\":\"2026-04-22T10:07:12+00:00\",\"breadcrumb\":{\"@id\":\"https:\\\/\\\/clj-sete.fr\\\/index.php\\\/connexion\\\/#breadcrumb\"},\"inLanguage\":\"fr-FR\",\"potentialAction\":[{\"@type\":\"ReadAction\",\"target\":[\"https:\\\/\\\/clj-sete.fr\\\/index.php\\\/connexion\\\/\"]}]},{\"@type\":\"ImageObject\",\"inLanguage\":\"fr-FR\",\"@id\":\"https:\\\/\\\/clj-sete.fr\\\/index.php\\\/connexion\\\/#primaryimage\",\"url\":\"https:\\\/\\\/clj-sete.fr\\\/wp-content\\\/uploads\\\/2026\\\/04\\\/WORKOUT.png\",\"contentUrl\":\"https:\\\/\\\/clj-sete.fr\\\/wp-content\\\/uploads\\\/2026\\\/04\\\/WORKOUT.png\",\"width\":1235,\"height\":338},{\"@type\":\"BreadcrumbList\",\"@id\":\"https:\\\/\\\/clj-sete.fr\\\/index.php\\\/connexion\\\/#breadcrumb\",\"itemListElement\":[{\"@type\":\"ListItem\",\"position\":1,\"name\":\"Accueil\",\"item\":\"https:\\\/\\\/clj-sete.fr\\\/\"},{\"@type\":\"ListItem\",\"position\":2,\"name\":\"EVENTHAU\"}]},{\"@type\":\"WebSite\",\"@id\":\"https:\\\/\\\/clj-sete.fr\\\/#website\",\"url\":\"https:\\\/\\\/clj-sete.fr\\\/\",\"name\":\"Bienvenue au CLJ de S\u00e8te\",\"description\":\"Le Centre de Loisirs des Jeunes de la Police Nationale\",\"publisher\":{\"@id\":\"https:\\\/\\\/clj-sete.fr\\\/#organization\"},\"potentialAction\":[{\"@type\":\"SearchAction\",\"target\":{\"@type\":\"EntryPoint\",\"urlTemplate\":\"https:\\\/\\\/clj-sete.fr\\\/?s={search_term_string}\"},\"query-input\":{\"@type\":\"PropertyValueSpecification\",\"valueRequired\":true,\"valueName\":\"search_term_string\"}}],\"inLanguage\":\"fr-FR\"},{\"@type\":\"Organization\",\"@id\":\"https:\\\/\\\/clj-sete.fr\\\/#organization\",\"name\":\"Bienvenue au CLJ de S\u00e8te\",\"url\":\"https:\\\/\\\/clj-sete.fr\\\/\",\"logo\":{\"@type\":\"ImageObject\",\"inLanguage\":\"fr-FR\",\"@id\":\"https:\\\/\\\/clj-sete.fr\\\/#\\\/schema\\\/logo\\\/image\\\/\",\"url\":\"https:\\\/\\\/clj-sete.fr\\\/wp-content\\\/uploads\\\/2025\\\/10\\\/9AF505D4-D6F4-4FA9-8705-15D8674A9F61-31.png\",\"contentUrl\":\"https:\\\/\\\/clj-sete.fr\\\/wp-content\\\/uploads\\\/2025\\\/10\\\/9AF505D4-D6F4-4FA9-8705-15D8674A9F61-31.png\",\"width\":1252,\"height\":1251,\"caption\":\"Bienvenue au CLJ de S\u00e8te\"},\"image\":{\"@id\":\"https:\\\/\\\/clj-sete.fr\\\/#\\\/schema\\\/logo\\\/image\\\/\"}}]}<\/script>\n<!-- \/ Yoast SEO plugin. -->","yoast_head_json":{"title":"EVENTHAU - Bienvenue au CLJ de S\u00e8te","robots":{"index":"index","follow":"follow","max-snippet":"max-snippet:-1","max-image-preview":"max-image-preview:large","max-video-preview":"max-video-preview:-1"},"canonical":"https:\/\/clj-sete.fr\/index.php\/connexion\/","og_locale":"fr_FR","og_type":"article","og_title":"EVENTHAU - Bienvenue au CLJ de S\u00e8te","og_description":"CH\u00c8RES ASSOCIATIONS ET PARTENAIRES Merci pour votre participation \u00e0 notre \u00e9v\u00e9nement du 4 juin 2026, EVENTHAU. Vous pouvez d\u00e9sormais soumettre votre demande concernant les besoins de votre association.","og_url":"https:\/\/clj-sete.fr\/index.php\/connexion\/","og_site_name":"Bienvenue au CLJ de S\u00e8te","article_modified_time":"2026-04-22T10:07:12+00:00","og_image":[{"width":1235,"height":338,"url":"http:\/\/clj-sete.fr\/wp-content\/uploads\/2026\/04\/WORKOUT.png","type":"image\/png"}],"twitter_card":"summary_large_image","twitter_misc":{"Dur\u00e9e de lecture estim\u00e9e":"1 minute"},"schema":{"@context":"https:\/\/schema.org","@graph":[{"@type":"WebPage","@id":"https:\/\/clj-sete.fr\/index.php\/connexion\/","url":"https:\/\/clj-sete.fr\/index.php\/connexion\/","name":"EVENTHAU - Bienvenue au CLJ de S\u00e8te","isPartOf":{"@id":"https:\/\/clj-sete.fr\/#website"},"primaryImageOfPage":{"@id":"https:\/\/clj-sete.fr\/index.php\/connexion\/#primaryimage"},"image":{"@id":"https:\/\/clj-sete.fr\/index.php\/connexion\/#primaryimage"},"thumbnailUrl":"https:\/\/clj-sete.fr\/wp-content\/uploads\/2026\/04\/WORKOUT.png","datePublished":"2026-01-21T21:48:20+00:00","dateModified":"2026-04-22T10:07:12+00:00","breadcrumb":{"@id":"https:\/\/clj-sete.fr\/index.php\/connexion\/#breadcrumb"},"inLanguage":"fr-FR","potentialAction":[{"@type":"ReadAction","target":["https:\/\/clj-sete.fr\/index.php\/connexion\/"]}]},{"@type":"ImageObject","inLanguage":"fr-FR","@id":"https:\/\/clj-sete.fr\/index.php\/connexion\/#primaryimage","url":"https:\/\/clj-sete.fr\/wp-content\/uploads\/2026\/04\/WORKOUT.png","contentUrl":"https:\/\/clj-sete.fr\/wp-content\/uploads\/2026\/04\/WORKOUT.png","width":1235,"height":338},{"@type":"BreadcrumbList","@id":"https:\/\/clj-sete.fr\/index.php\/connexion\/#breadcrumb","itemListElement":[{"@type":"ListItem","position":1,"name":"Accueil","item":"https:\/\/clj-sete.fr\/"},{"@type":"ListItem","position":2,"name":"EVENTHAU"}]},{"@type":"WebSite","@id":"https:\/\/clj-sete.fr\/#website","url":"https:\/\/clj-sete.fr\/","name":"Bienvenue au CLJ de S\u00e8te","description":"Le Centre de Loisirs des Jeunes de la Police Nationale","publisher":{"@id":"https:\/\/clj-sete.fr\/#organization"},"potentialAction":[{"@type":"SearchAction","target":{"@type":"EntryPoint","urlTemplate":"https:\/\/clj-sete.fr\/?s={search_term_string}"},"query-input":{"@type":"PropertyValueSpecification","valueRequired":true,"valueName":"search_term_string"}}],"inLanguage":"fr-FR"},{"@type":"Organization","@id":"https:\/\/clj-sete.fr\/#organization","name":"Bienvenue au CLJ de S\u00e8te","url":"https:\/\/clj-sete.fr\/","logo":{"@type":"ImageObject","inLanguage":"fr-FR","@id":"https:\/\/clj-sete.fr\/#\/schema\/logo\/image\/","url":"https:\/\/clj-sete.fr\/wp-content\/uploads\/2025\/10\/9AF505D4-D6F4-4FA9-8705-15D8674A9F61-31.png","contentUrl":"https:\/\/clj-sete.fr\/wp-content\/uploads\/2025\/10\/9AF505D4-D6F4-4FA9-8705-15D8674A9F61-31.png","width":1252,"height":1251,"caption":"Bienvenue au CLJ de S\u00e8te"},"image":{"@id":"https:\/\/clj-sete.fr\/#\/schema\/logo\/image\/"}}]}},"_links":{"self":[{"href":"https:\/\/clj-sete.fr\/index.php\/wp-json\/wp\/v2\/pages\/1349","targetHints":{"allow":["GET"]}}],"collection":[{"href":"https:\/\/clj-sete.fr\/index.php\/wp-json\/wp\/v2\/pages"}],"about":[{"href":"https:\/\/clj-sete.fr\/index.php\/wp-json\/wp\/v2\/types\/page"}],"author":[{"embeddable":true,"href":"https:\/\/clj-sete.fr\/index.php\/wp-json\/wp\/v2\/users\/1"}],"replies":[{"embeddable":true,"href":"https:\/\/clj-sete.fr\/index.php\/wp-json\/wp\/v2\/comments?post=1349"}],"version-history":[{"count":50,"href":"https:\/\/clj-sete.fr\/index.php\/wp-json\/wp\/v2\/pages\/1349\/revisions"}],"predecessor-version":[{"id":1716,"href":"https:\/\/clj-sete.fr\/index.php\/wp-json\/wp\/v2\/pages\/1349\/revisions\/1716"}],"wp:featuredmedia":[{"embeddable":true,"href":"https:\/\/clj-sete.fr\/index.php\/wp-json\/wp\/v2\/media\/1696"}],"wp:attachment":[{"href":"https:\/\/clj-sete.fr\/index.php\/wp-json\/wp\/v2\/media?parent=1349"}],"curies":[{"name":"wp","href":"https:\/\/api.w.org\/{rel}","templated":true}]}}